{"id":1356,"date":"2021-01-18T19:05:15","date_gmt":"2021-01-18T18:05:15","guid":{"rendered":"https:\/\/www.gusto-unlimited.com\/datenschutzerklaerung\/"},"modified":"2021-01-28T17:05:35","modified_gmt":"2021-01-28T16:05:35","slug":"datenschutzerklaerung","status":"publish","type":"page","link":"https:\/\/www.gusto-unlimited.com\/de\/datenschutzerklaerung\/","title":{"rendered":"Datenschutzerkl\u00e4rung"},"content":{"rendered":"<p>[vc_row][vc_column][vc_column_text]Vielen Dank f\u00fcr Ihr Interesse an unserem Unternehmen und unserem Internetauftritt.<br \/>\nWir legen gro\u00dfen Wert auf Datenschutz. Ihre personenbezogenen Daten behandeln wir vertraulich und entsprechend der<br \/>\ngesetzlichen Datenschutzvorschriften sowie dieser Datenschutzerkl\u00e4rung.<\/p>\n<p>Verantwortlicher f\u00fcr die Datenverarbeitung auf dieser Website im Sinne der Datenschutz-Grundverordnung (DSGVO) ist:<\/p>\n<p>gusto products &amp; services S.\u00e0 r.l.<br \/>\nA. Traut<br \/>\n28, Boulevard Joseph II<br \/>\nL-1840 Luxembourg<br \/>\nfon: +352-2638 9701<br \/>\nprivacy.policy@gusto-4u.com<\/p>\n<p>Verantwortliche Stelle ist die nat\u00fcrliche oder juristische Person, die allein oder gemeinsam mit anderen<br \/>\n\u00fcber die Zwecke und Mittel der Verarbeitung von personenbezogenen Daten<br \/>\n(z. B. Namen, E-Mail-Adressen o. \u00c4.) entscheidet.<\/p>\n<p>Die Nutzung der Internetseiten ist ohne Angabe personenbezogener Daten m\u00f6glich.<br \/>\nSofern eine betroffene Person besondere Services unseres Unternehmens \u00fcber unsere Internetseite in<br \/>\nAnspruch nehmen m\u00f6chte, k\u00f6nnte jedoch eine Verarbeitung personenbezogener Daten erforderlich werden.<\/p>\n<p>Der Zugang zu einigen Seiten auf der Website k\u00f6nnte von der vorherigen Mitteilung der pers\u00f6nlichen Daten<br \/>\nder Benutzer abh\u00e4ngig sein. gusto products &amp; services S.\u00e0 r.l. speichert nur Daten, die f\u00fcr die Durchf\u00fchrung<br \/>\nihrer Dienstleistungen notwendig sind (insbesondere zur Bearbeitung von Benutzeranfragen oder zur<br \/>\nVerbesserung der Seiten-Navigation), sei es auf elektronischen Medien oder in anderer Form.<\/p>\n<h4>Personenbezogene Daten<\/h4>\n<p>Die personenbezogenen Daten, die Sie als Nutzer freiwillig an gusto products &amp; services S.\u00e0 r.l. weitergeben,<br \/>\nz.B. wenn Sie uns \u00fcber unser Kontaktformular, per E-Mail oder telefonisch kontaktieren, werden vertraulich<br \/>\nbehandelt und in keinem Fall ohne Ihre vorherige Zustimmung an Dritte weitergegeben.<\/p>\n<p>Die Informationen, die Sie in das Kontaktformular eingegeben, per E-Mail an uns gesendet oder uns telefonisch mitgeteilt<br \/>\nhaben, verbleiben bei uns, bis Sie uns auffordern, die Daten zu l\u00f6schen, Ihre Einwilligung zur Archivierung zu widerrufen<br \/>\noder der Zweck f\u00fcr die Datenspeicherung entf\u00e4llt (z.B. nachdem wir unsere Antwort auf Ihre Anfrage<br \/>\nabgeschlossen haben). Zwingende gesetzliche Bestimmungen &#8211; insbesondere Aufbewahrungsfristen &#8211;<br \/>\nbleiben hiervon unber\u00fchrt.<\/p>\n<p>gusto products &amp; services S.\u00e0 r.l. verpflichtet sich, alle Bem\u00fchungen zu unternehmen, um sicherzustellen,<br \/>\nda\u00df die von den Nutzern der Website gelieferten pers\u00f6nlichen Daten auf sicherem Wege \u00fcbertragen werden.<br \/>\nDennoch k\u00f6nnen Internetbasierte Daten\u00fcbertragungen grunds\u00e4tzlich Sicherheitsl\u00fccken aufweisen, sodass<br \/>\nein absoluter Schutz nicht gew\u00e4hrleistet werden kann.<\/p>\n<p>Die Benutzer akzeptieren, dass jegliche Nutzung der Website auf eigene Verantwortung erfolgt.<\/p>\n<p>In \u00dcbereinstimmung mit der Gesetzgebung zum Schutz personenbezogener Daten haben die Benutzer unter anderem<br \/>\ndas Recht, auf die ihn betreffenden Daten zuzugreifen und diese zu berichtigen, das Recht, die L\u00f6schung seiner Daten<br \/>\nzu verlangen und der Verarbeitung ihrer Daten zu widersprechen.<\/p>\n<p>Benutzer, die eines der oben genannten Rechte aus\u00fcben m\u00f6chten, k\u00f6nnen eine Anfrage per<br \/>\nE-Mail oder Brief an die folgende Adresse senden:<\/p>\n<p>gusto products &amp; services S.\u00e0 r.l.<br \/>\n28, Boulevard Joseph II<br \/>\n1840 Luxembourg<br \/>\nLuxembourg<br \/>\nE-Mail: privacy.policy@gusto-4u.com<\/p>\n<p>Mit der Bekanntgabe ihrer Telefonnummer(n) oder ihrer E-Mail-Adresse auf der Website akzeptieren die Benutzer,<br \/>\nda\u00df gusto products &amp; services S.\u00e0 r.l. ihnen Informationen, entweder telefonisch oder per E-Mail<br \/>\nzukommen lassen kann. Falls der Benutzer diese Informationen nicht mehr erhalten m\u00f6chte, kann er sich von<br \/>\nden Gesch\u00e4ftsmitteilungen und Aktionen von gusto products &amp; services S.\u00e0 r.l. auf die oben genannte Weise<br \/>\nabmelden.<\/p>\n<h4>Recht zur Anmeldung einer Beschwerde bei der zust\u00e4ndigen Aufsichtsbeh\u00f6rde<\/h4>\n<p>Im Falle von Verst\u00f6\u00dfen gegen die DSGVO haben die betroffenen Personen das Recht, eine Beschwerde bei einer<br \/>\nAufsichtsbeh\u00f6rde einzureichen, insbesondere in dem Mitgliedsstaat, in dem sie gew\u00f6hnlich ihren Wohnsitz,<br \/>\nArbeitsplatz oder den Ort haben, an dem der mutma\u00dfliche Versto\u00df stattgefunden hat. Das Recht,<br \/>\neine Beschwerde zu protokollieren, gilt unabh\u00e4ngig von allen anderen Verwaltungs- oder Gerichtsverfahren, die als<br \/>\nRechtsmittel zur Verf\u00fcgung stehen.<\/p>\n<h4>SSL- bzw. TLS-Verschl\u00fcsselung<\/h4>\n<p>Aus Sicherheitsgr\u00fcnden und zum Schutz der \u00dcbertragung vertraulicher Inhalte, die Sie an uns als Seitenbetreiber<br \/>\nsenden, nutzt unsere Website eine SSL-bzw. TLS-Verschl\u00fcsselung. Sie erkennen eine verschl\u00fcsselte Verbindung an<br \/>\nder \u201ehttps:\/\/\u201c Adresszeile Ihres Browsers und am Schloss-Symbol in der Browserzeile.<br \/>\nDamit sind Daten, die Sie \u00fcber diese Webseite \u00fcbermitteln, f\u00fcr Dritte nicht mitlesbar.<\/p>\n<h4>Google Web Fonts<\/h4>\n<p>Zur einheitlichen Darstellung von Schriftarten nutzt diese Seite so genannte Web Fonts, die von<br \/>\nGoogle bereitgestellt werden. Beim Aufruf einer Seite l\u00e4dt Ihr Browser die ben\u00f6tigten Web Fonts in ihren<br \/>\nBrowsercache, um Texte und Schriftarten korrekt anzuzeigen.<br \/>\nZu diesem Zweck muss der von Ihnen verwendete Browser Verbindung zu den Servern von Google aufnehmen.<br \/>\nHierdurch erlangt Google Kenntnis dar\u00fcber, da\u00df \u00fcber Ihre IP-Adresse diese Website aufgerufen wurde. Die<br \/>\nNutzung von Google Web Fonts erfolgt auf Grundlage von Art. 6 Abs. 1 lit. f DSGVO. Der Websitebetreiber hat ein<br \/>\nberechtigtes Interesse an der einheitlichen Darstellung des Schriftbildes auf seiner Website. Sofern eine entsprechende<br \/>\nEinwilligung abgefragt wurde (z.B. eine Einwilligung zur Speicherung von Cookies, erfolgt die Verarbeitung<br \/>\nausschlie\u00dflich auf Grundlage von Art. 6 Abs. 1 lit. a DSGVO. Die Einwilligung ist jederzeit widerrufbar.<br \/>\nWenn Ihr Browser Web Fonts nicht unterst\u00fctzt, wird eine Standardschrift von Ihrem Computer genutzt.<\/p>\n<h4><strong>Server-Log-Dateien<\/strong><\/h4>\n<p>Der Provider der Webseiten erheben Daten von Webseitenbesuchern, die direkt bei der<br \/>\nErhebung anonymisiert werden.<br \/>\nFolgende Daten werden erhoben:<\/p>\n<ul>\n<li>Browsertyp und Browserversion<\/li>\n<li>Verwendetes Betriebssystem<\/li>\n<li>Referrer-URL<\/li>\n<li>Hostname des verwendeten Ger\u00e4t<\/li>\n<li>Die Uhrzeit der Serveranfrage<\/li>\n<li>IP-Adresse in anonymisierter Form (wird nur zur Feststellung des Orts des Zugriffs verwendet)<\/li>\n<\/ul>\n<p>Cookies werden nicht verwendet.[\/vc_column_text][\/vc_column][\/vc_row]<\/p>\n","protected":false},"excerpt":{"rendered":"<p>[vc_row][vc_column][vc_column_text]Vielen Dank f\u00fcr Ihr Interesse an unserem Unternehmen und unserem Internetauftritt. &#8230; <\/p>\n","protected":false},"author":4,"featured_media":0,"parent":0,"menu_order":0,"comment_status":"closed","ping_status":"closed","template":"","meta":[],"_links":{"self":[{"href":"https:\/\/www.gusto-unlimited.com\/de\/wp-json\/wp\/v2\/pages\/1356\/"}],"collection":[{"href":"https:\/\/www.gusto-unlimited.com\/de\/wp-json\/wp\/v2\/pages\/"}],"about":[{"href":"https:\/\/www.gusto-unlimited.com\/de\/wp-json\/wp\/v2\/types\/page\/"}],"author":[{"embeddable":true,"href":"https:\/\/www.gusto-unlimited.com\/de\/wp-json\/wp\/v2\/users\/4\/"}],"replies":[{"embeddable":true,"href":"https:\/\/www.gusto-unlimited.com\/de\/wp-json\/wp\/v2\/comments\/?post=1356"}],"version-history":[{"count":12,"href":"https:\/\/www.gusto-unlimited.com\/de\/wp-json\/wp\/v2\/pages\/1356\/revisions\/"}],"predecessor-version":[{"id":1465,"href":"https:\/\/www.gusto-unlimited.com\/de\/wp-json\/wp\/v2\/pages\/1356\/revisions\/1465\/"}],"wp:attachment":[{"href":"https:\/\/www.gusto-unlimited.com\/de\/wp-json\/wp\/v2\/media\/?parent=1356"}],"curies":[{"name":"wp","href":"https:\/\/api.w.org\/{rel}","templated":true}]}}