{"id":1361,"date":"2021-01-19T14:47:37","date_gmt":"2021-01-19T13:47:37","guid":{"rendered":"https:\/\/www.gusto-unlimited.com\/impressum\/"},"modified":"2021-01-21T13:18:24","modified_gmt":"2021-01-21T12:18:24","slug":"impressum","status":"publish","type":"page","link":"https:\/\/www.gusto-unlimited.com\/de\/impressum\/","title":{"rendered":"Impressum:"},"content":{"rendered":"<p>[vc_row][vc_column][vc_column_text]<strong>Herausgeber:<\/strong><br \/>\ngusto products &amp; services S.\u00e0 r.l.<br \/>\n28, Boulevard Joseph II<br \/>\nL-1840 Luxembourg<br \/>\nfon: +352-2638 9701<br \/>\nE- Mail: contact@gusto-4u.com<br \/>\nVAT No: LU28626945<\/p>\n<p><strong>Gesch\u00e4ftsf\u00fchrer:<\/strong><br \/>\nAndreas Traut<\/p>\n<p><strong>Handelsregister-Nummer:<\/strong><br \/>\nB206129<\/p>\n<p><strong>Nutzungsbedingungen:<\/strong><br \/>\nGerichtsstand ist Luxembourg, Luxembourg.<br \/>\ngusto products &amp; services S.\u00e0 r.l. verpflichtet sich alle luxemburgischen Gesetze und<br \/>\nVorschriften, die den Betrieb einer Internet-Seite betreffen enzuhalten.<br \/>\nEs wird darauf hingewiesen, da\u00df das Postgeheimnis im Internet nicht gew\u00e4hrleistet ist<br \/>\nund, da\u00df es in der Verantwortung jedes Internet-Benutzers liegt, alle geeigneten Ma\u00dfnahmen zu ergreifen,<br \/>\num seine eigenen Daten und\/oder Software vor Besch\u00e4digung durch eventuell im Internet kursierende Viren<br \/>\nzu sch\u00fctzen.<\/p>\n<p><strong>Gerichtsstand und anwendbares Recht:<\/strong><br \/>\nGerichtsstand: Luxembourg, Luxembourg<\/p>\n<p>F\u00fcr m\u00f6gliche Streitf\u00e4lle bez\u00fcgliche Verwendung, Auslegung und Ausf\u00fchrung der<br \/>\nauf der vorliegenden Webseite befindlichen Informationen und Daten sind die<br \/>\nluxemburgischen Gerichte zust\u00e4ndig .<br \/>\nAnwendbar ist das luxemburgische Recht.<\/p>\n<p><strong>F\u00fcr alle Angaben auf diesen Web-Seiten gilt:<\/strong><br \/>\nIrrt\u00fcmer und \u00c4nderungen vorbehalten.<\/p>\n<p>Obwohl gusto products &amp; services S.\u00e0 r.l. alle notwendigen Schritte unternimmt, um sicherzustellen,<br \/>\ndass Informationen und Daten, die auf der Website ver\u00f6ffentlicht werden, korrekt sind, werden diese<br \/>\nnur zur Information bereitgestellt. gusto products &amp; services S.\u00e0 r.l. kann nicht f\u00fcr ungenaue, unvollst\u00e4ndige<br \/>\noder fehlerhafte Informationen oder f\u00fcr gef\u00e4lschte oder manipulierte Informationen haftbar<br \/>\ngemacht werden.<\/p>\n<p>Die Webseite von gusto products &amp; services S.\u00e0 r.l. kann Informationen enthalten, die zur Verf\u00fcgung gestellt<br \/>\nwerden von Dritten oder \u00fcber Hypertext-Links zu anderen Webseiten zur Verf\u00fcgung gestellt werden. Die Existenz<br \/>\neines Links von der gusto products &amp; services S.\u00e0 r.l. Webseite zu einer anderen Webseite stellt keine<br \/>\nEmpfehlung oder Wertung des Inhaltes dieser Webseite dar. gusto products &amp; services S.\u00e0 r.l. kann nicht f\u00fcr die<br \/>\nvon diesen Dritten formulierten Informationen, Meinungen und Empfehlungen haftbar gemacht werden.<\/p>\n<p>gusto products &amp; services S.\u00e0 r.l. beh\u00e4lt sich das Recht vor, den Inhalt der Website zu \u00e4ndern oder sie<br \/>\nunzug\u00e4nglich zu machen.<\/p>\n<p>Die Benutzer akzeptieren, dass jegliche Nutzung der Website auf eigene Verantwortung erfolgt. gusto products<br \/>\n&amp; services S.\u00e0 r. l. lehnt jede Haftung f\u00fcr direkte oder indirekte Sch\u00e4den ab, die durch die Nutzung<br \/>\nder Webseite entstehen k\u00f6nnen, insbesondere im Zusammenhang mit einer Unterbrechung oder Einstellung<br \/>\ndes Betriebs der Webseite oder einer Funktionsst\u00f6rung der Webseite, die sich aus einer Abschaltung zur Wartung<br \/>\noder Aktualisierung der Computersysteme von gusto products &amp; services S.\u00e0 r.l., technischen St\u00f6rungen oder<br \/>\nNetz\u00fcberlastungen, St\u00f6rungen der Telefonleitungen, Fehlern, Fahrl\u00e4ssigkeit oder Vergehen von<br \/>\nLieferanten, Internetdiensten oder Dritten oder einem \u00fcber das Internet erworbenen Virus ergeben k\u00f6nnen.<\/p>\n<p>Es wird darauf hingewiesen, da\u00df die Sicherheit im Internet nicht gew\u00e4hrleistet ist und da\u00df es jedem<br \/>\nInternet-Benutzer obliegt, alle geeigneten Ma\u00dfnahmen zu ergreifen, um seine eigenen Daten und\/oder<br \/>\nSoftware vor der Besch\u00e4digung durch eventuell im Internet kursierende Viren zu sch\u00fctzen.<\/p>\n<p><strong>Design und Umsetzung:<\/strong><br \/>\n<span style=\"font-size: 16px;\">Gary Lajmin www.ljamin.com<\/span><\/p>\n<p><strong>Bildquellennachweis:<\/strong><br \/>\n<span style=\"font-size: 16px;\">Unsplash<\/span><br \/>\n<span style=\"font-size: 16px;\">Shutterstock<\/span><br \/>\n<span style=\"font-size: 16px;\">Adobe<\/span>[\/vc_column_text][\/vc_column][\/vc_row]<\/p>\n","protected":false},"excerpt":{"rendered":"<p>[vc_row][vc_column][vc_column_text]Herausgeber: gusto products &amp; services S.\u00e0 r.l. 28, Boulevard Joseph II &#8230; <\/p>\n","protected":false},"author":4,"featured_media":0,"parent":0,"menu_order":0,"comment_status":"closed","ping_status":"closed","template":"","meta":[],"_links":{"self":[{"href":"https:\/\/www.gusto-unlimited.com\/de\/wp-json\/wp\/v2\/pages\/1361\/"}],"collection":[{"href":"https:\/\/www.gusto-unlimited.com\/de\/wp-json\/wp\/v2\/pages\/"}],"about":[{"href":"https:\/\/www.gusto-unlimited.com\/de\/wp-json\/wp\/v2\/types\/page\/"}],"author":[{"embeddable":true,"href":"https:\/\/www.gusto-unlimited.com\/de\/wp-json\/wp\/v2\/users\/4\/"}],"replies":[{"embeddable":true,"href":"https:\/\/www.gusto-unlimited.com\/de\/wp-json\/wp\/v2\/comments\/?post=1361"}],"version-history":[{"count":5,"href":"https:\/\/www.gusto-unlimited.com\/de\/wp-json\/wp\/v2\/pages\/1361\/revisions\/"}],"predecessor-version":[{"id":1454,"href":"https:\/\/www.gusto-unlimited.com\/de\/wp-json\/wp\/v2\/pages\/1361\/revisions\/1454\/"}],"wp:attachment":[{"href":"https:\/\/www.gusto-unlimited.com\/de\/wp-json\/wp\/v2\/media\/?parent=1361"}],"curies":[{"name":"wp","href":"https:\/\/api.w.org\/{rel}","templated":true}]}}