{"id":1380,"date":"2021-01-19T15:18:33","date_gmt":"2021-01-19T14:18:33","guid":{"rendered":"https:\/\/www.gusto-unlimited.com\/impressum-2\/"},"modified":"2021-01-19T15:18:34","modified_gmt":"2021-01-19T14:18:34","slug":"impressum-2","status":"publish","type":"page","link":"https:\/\/www.gusto-unlimited.com\/de\/impressum-2\/","title":{"rendered":"Impressum"},"content":{"rendered":"<p>[vc_row][vc_column][vc_column_text]<strong>Impressum:<br \/>\n<\/strong><\/p>\n<p><strong>Herausgeber:<\/strong><br \/>\ngusto products &amp; services S.\u00e0 r.l.<br \/>\n28, Boulevard Joseph II<br \/>\nL-1840 Luxembourg<br \/>\nfon: +352-2638 9701<br \/>\nE- Mail: contact@gusto-4u.com<br \/>\nWeb: www.gusto-4u.com<br \/>\nVAT No: LU28626945<\/p>\n<p><strong>Gesch\u00e4ftsf\u00fchrer:<\/strong><br \/>\nAndreas Traut<\/p>\n<p><strong>Handelsregister-Nummer:<\/strong><br \/>\nB206129<\/p>\n<p><strong>Gerichtsstand und anwendbares Recht:<\/strong><br \/>\nGerichtsstand ist Luxembourg, Luxembourg.<br \/>\nF\u00fcr m\u00f6gliche Streitf\u00e4lle bez\u00fcgliche Verwendung, Auslegung und Ausf\u00fchrung der auf der vorliegenden Webseite befindlichen Informationen<br \/>\nund Daten sind die luxemburgischen Gerichte zust\u00e4ndig. Anwendbar ist das luxemburgische Recht.<br \/>\nDie Benutzer akzeptieren, dass der Zugang zu der Webseite unter ihrer alleinigen Verantwortung erfolgt,<br \/>\ngusto products &amp; services S.\u00e0 r.l. haftet nicht f\u00fcr direkte oder indirekte Sch\u00e4den, die aus der Benutzung der Webseite hervorgehen k\u00f6nnen<br \/>\ninsbesondere in Zusammenhang mit der Unterbrechung oder dem Nichtfunktionieren der Webseite die insbesondere aus der Nichtverf\u00fcgbarkeit, wegen Wartung oder Instandsetzung des EDV-Systems von gusto products &amp; services S.\u00e0 r.l., technischen Pannen oder der \u00dcberlastung des Netzwerkes, Unterbrechungen der Telefonverbindung, Irrt\u00fcmern, Nachl\u00e4ssigkeiten oder Fehlern von Internetprovidern oder Dritten oder einem Virus<br \/>\naus dem Internet entstehen k\u00f6nnen.<\/p>\n<p><strong>Gerichtsstand und anwendbares Recht:<\/strong><br \/>\nGerichtsstand: Luxembourg, Luxembourg<\/p>\n<p>F\u00fcr m\u00f6gliche Streitf\u00e4lle bez\u00fcgliche Verwendung, Auslegung und Ausf\u00fchrung der<br \/>\nauf der vorliegenden Webseite befindlichen Informationen und Daten sind die luxemburgischen Gerichte zust\u00e4ndig .<br \/>\nAnwendbar ist das luxemburgische Recht.<\/p>\n<p><strong>F\u00fcr alle Angaben auf diesen Web-Seiten gilt:<\/strong><br \/>\nIrrt\u00fcmer und \u00c4nderungen vorbehalten.<\/p>\n<p><strong>Design und Umsetzung:<\/strong><br \/>\nGary Lajmin <a href=\"http:\/\/www.ljamin.com\">www.ljamin.com<\/a><\/p>\n<p><strong>Bildquellennachweis:<\/strong><br \/>\nUnsplash<br \/>\nShutterstock<br \/>\nAdobe<\/p>\n<p>Obwohl gusto products &amp; services S.\u00e0 r.l. alle notwendigen Schritte unternimmt, um sicherzustellen,<br \/>\ndass Informationen und Daten, die auf der Website ver\u00f6ffentlicht werden, korrekt sind, werden diese nur zur Information<br \/>\nonly. Gusto products &amp; services S.\u00e0 r.l. cannot be held liable for inaccurate, incompleteor erroneous information, or for falsified or manipulated information.<\/p>\n<p>Wir betrachten eventuelle Einf\u00fcgung<br \/>\nvon Hyperlinks in unserem Angebot lediglich als Zugangsvermittlung im Sinne von \u00a7 5 Abs. 3<br \/>\nTeledienstegesetz und \u00fcbernehmen keinerlei Verantwortung f\u00fcr deren Inhalte<\/p>\n<p>Gusto products &amp; services S.\u00e0 r.l. beh\u00e4lt sich das Recht vor, den Inhalt ihrer Webseite umzu\u00e4ndern oder den Zugriff auf ihre Webseite zu verhindern<\/p>\n<p>Die Benutzer akzeptieren, dass der Zugang zu der Webseite unter ihrer alleinigen Verantwortung erfolgt. gusto products &amp; services S.\u00e0 r.l. haftet nicht f\u00fcr direkte oder indirekte Sch\u00e4den, die aus der Benutzung der Webseite hervorgehen k\u00f6nnen, insbesondere in Zusammenhang mit der Unterbrechung oder dem Nichtfunktionieren der Webseite die insbesondere aus der Nichtverf\u00fcgbarkeit, wegen Wartung oder Instandsetzung des EDV-Systems von gusto products &amp; services S.\u00e0 r.l., technischen Pannen oder der \u00dcberlastung des Netzwerkes, Unterbrechungen der Telefonverbindung, Irrt\u00fcmern, Nachl\u00e4ssigkeiten oder Fehlern von Internetprovidern oder Dritten oder einem Virus aus dem Internet entstehen k\u00f6nnen.<\/p>\n<p>It is pointed out that mail secrecy is not guaranteed on the Internet, and that it is up to each Internet user to take all appropriate measures, so as to protect his\/her own data and\/or software from corruption by any viruses that may be circulating on the Internet.[\/vc_column_text][\/vc_column][\/vc_row]<\/p>\n","protected":false},"excerpt":{"rendered":"<p>[vc_row][vc_column][vc_column_text]Impressum: Herausgeber: gusto products &amp; services S.\u00e0 r.l. 28, Boulevard Joseph &#8230; <\/p>\n","protected":false},"author":1,"featured_media":0,"parent":0,"menu_order":0,"comment_status":"closed","ping_status":"closed","template":"","meta":[],"_links":{"self":[{"href":"https:\/\/www.gusto-unlimited.com\/de\/wp-json\/wp\/v2\/pages\/1380\/"}],"collection":[{"href":"https:\/\/www.gusto-unlimited.com\/de\/wp-json\/wp\/v2\/pages\/"}],"about":[{"href":"https:\/\/www.gusto-unlimited.com\/de\/wp-json\/wp\/v2\/types\/page\/"}],"author":[{"embeddable":true,"href":"https:\/\/www.gusto-unlimited.com\/de\/wp-json\/wp\/v2\/users\/1\/"}],"replies":[{"embeddable":true,"href":"https:\/\/www.gusto-unlimited.com\/de\/wp-json\/wp\/v2\/comments\/?post=1380"}],"version-history":[{"count":2,"href":"https:\/\/www.gusto-unlimited.com\/de\/wp-json\/wp\/v2\/pages\/1380\/revisions\/"}],"predecessor-version":[{"id":1382,"href":"https:\/\/www.gusto-unlimited.com\/de\/wp-json\/wp\/v2\/pages\/1380\/revisions\/1382\/"}],"wp:attachment":[{"href":"https:\/\/www.gusto-unlimited.com\/de\/wp-json\/wp\/v2\/media\/?parent=1380"}],"curies":[{"name":"wp","href":"https:\/\/api.w.org\/{rel}","templated":true}]}}