{"id":1354,"date":"2021-01-18T16:39:14","date_gmt":"2021-01-18T15:39:14","guid":{"rendered":"https:\/\/www.gusto-unlimited.com\/poltica-de-privacidad\/"},"modified":"2021-01-28T17:11:50","modified_gmt":"2021-01-28T16:11:50","slug":"poltica-de-privacidad","status":"publish","type":"page","link":"https:\/\/www.gusto-unlimited.com\/es\/poltica-de-privacidad\/","title":{"rendered":"Pol\u00edtica de privacidad"},"content":{"rendered":"<p>[vc_row][vc_column][vc_column_text]Gracias por su inter\u00e9s en nuestra compa\u00f1\u00eda y en nuestra p\u00e1gina web.<br \/>\nLa protecci\u00f3n de datos es de gran importancia para gusto S.\u00e0 r.l.<\/p>\n<p>El controlador de procesamiento de datos de este sitio web es:<\/p>\n<p>gusto products &amp; services S.\u00e0 r.l.<br \/>\nA. Traut<br \/>\n28, Boulevard Joseph II<br \/>\nL-1840 Luxemburgo<br \/>\nfon: +352-2638 9701<br \/>\nprivacy.policy@gusto-4u.com<\/p>\n<p>El responsable del tratamiento es la persona f\u00edsica o jur\u00eddica que, por s\u00ed sola o conjuntamente con otras,<br \/>\ntoma decisiones sobre los fines y recursos del tratamiento de datos personales<br \/>\n(por ejemplo, nombres, direcciones de correo electr\u00f3nico, etc.).<\/p>\n<p>El uso de las p\u00e1ginas de Internet es posible sin ninguna indicaci\u00f3n de datos personales; sin embargo,<br \/>\nsi un interesado desea utilizar servicios especiales de la empresa a trav\u00e9s de nuestro sitio web, podr\u00eda ser necesario<br \/>\nel procesamiento de datos personales.<\/p>\n<p>El acceso a algunas p\u00e1ginas del sitio est\u00e1 sujeto a la comunicaci\u00f3n previa de los datos personales de<br \/>\nlos usuarios. gusto products &amp; services S.\u00e0 r.l. s\u00f3lo almacena los datos necesarios en el marco de la prestaci\u00f3n<br \/>\nde sus servicios (en particular para procesar las solicitudes de los usuarios o mejorar la navegaci\u00f3n<br \/>\nen el sitio), ya sea en medios electr\u00f3nicos o de cualquier otra forma.<\/p>\n<h4>Datos personales<\/h4>\n<p>Los datos personales que usted como usuario revele voluntariamente a gusto products &amp; services S.\u00e0 r.l.,<br \/>\npor ejemplo si se pone en contacto con nosotros a trav\u00e9s de nuestro formulario de contacto, por correo electr\u00f3nico o por<br \/>\ntel\u00e9fono, se procesan de forma confidencial, y no se transmitir\u00e1n en ning\u00fan caso a terceros sin su consentimiento previo.<\/p>\n<p>La informaci\u00f3n que usted ha introducido en el formulario de contacto, enviado por correo electr\u00f3nico o dado por tel\u00e9fono,<br \/>\npermanecer\u00e1 con nosotros hasta que usted nos pida que erradiquemos los datos, revoque su consentimiento para el archivo de<br \/>\nlos datos o si el prop\u00f3sito para el que se est\u00e1 archivando la informaci\u00f3n ya no existe (por ejemplo, despu\u00e9s de que<br \/>\nhayamos concluido nuestra respuesta a su consulta). Esto se har\u00e1 sin perjuicio de las disposiciones<br \/>\nlegales obligatorias, en particular los per\u00edodos de retenci\u00f3n.<\/p>\n<p>gusto products &amp; services S.\u00e0 r.l. se compromete a hacer todo lo posible para que los datos personales<br \/>\nsuministrados por los usuarios del sitio se transmitan por un medio seguro, pero recuerda a los usuarios que no se garantiza<br \/>\nel secreto de la correspondencia en Internet.<\/p>\n<p>Los usuarios aceptan que cualquier uso del sitio se haga bajo su propia responsabilidad.<\/p>\n<p>De conformidad con la legislaci\u00f3n sobre la protecci\u00f3n de los datos personales, los usuarios tienen derecho, entre otras cosas,<br \/>\na acceder a los datos que les conciernen y a corregirlos, as\u00ed como a exigir que se borren sus datos y<br \/>\na oponerse a su tratamiento.<\/p>\n<p>Los usuarios que deseen ejercer uno de los derechos mencionados pueden presentar una solicitud enviando<br \/>\nun correo electr\u00f3nico o una carta a la siguiente direcci\u00f3n:<\/p>\n<p>gusto products &amp; services S.\u00e0 r.l.<br \/>\n28, Boulevard Joseph II<br \/>\nL-1840 Luxemburgo<br \/>\nLuxemburgo<br \/>\ne-mail: privacy.policy@gusto-4u.com<\/p>\n<p>Al revelar su(s) n\u00famero(s) de tel\u00e9fono o su direcci\u00f3n de correo electr\u00f3nico en el sitio, los usuarios aceptan que<br \/>\ngusto products &amp; services S.\u00e0 r.l. puede proporcionarles informaci\u00f3n, ya sea por tel\u00e9fono o por<br \/>\ne-mail. En caso de que el usuario no desee seguir recibiendo esta informaci\u00f3n, puede optar por no participar en<br \/>\ngusto products &amp; services S.\u00e0 r.l. comunicaciones y acciones comerciales, en la mencionada<br \/>\nmanera.<\/p>\n<h4>Derecho a presentar una denuncia ante el organismo de supervisi\u00f3n competente<\/h4>\n<p>En caso de violaciones de la RGPD, los interesados tienen derecho a presentar una denuncia ante un organismo de supervisi\u00f3n,<br \/>\nen particular en el Estado miembro en el que suelen mantener su domicilio, lugar de trabajo o<br \/>\nen el lugar donde produjo la presunta violaci\u00f3n. El derecho a registrar una denuncia est\u00e1 vigente independientemente de<br \/>\ncualquier otro procedimiento administrativo o judicial disponible como recurso legal.<\/p>\n<h4>Cifrado SSL y\/o TLS<\/h4>\n<p>Por razones de seguridad y para proteger la transmisi\u00f3n de contenido confidencial, como \u00f3rdenes de compra<br \/>\no consultas que usted nos env\u00eda como operador del sitio web, este sitio web utiliza un programa de cifrado SSL<br \/>\no TLS. Puede reconocer una conexi\u00f3n cifrada comprobando si la l\u00ednea de direcci\u00f3n del navegador<br \/>\ncambia de &#8220;http:\/\/&#8221; a &#8220;https:\/\/&#8221; y tambi\u00e9n por la aparici\u00f3n del icono del candado en la l\u00ednea<br \/>\ndel navegador. Si la codificaci\u00f3n SSL o TLS est\u00e1 activada, los datos que nos transmita no podr\u00e1n ser le\u00eddos<br \/>\npor terceros.<\/p>\n<h4>Fuentes de la web de Google<\/h4>\n<p>Para garantizar la uniformidad de las fuentes utilizadas en este sitio web, este sitio web utiliza las denominadas<br \/>\n&#8220;fuentes web&#8221; proporcionadas por Google. Cuando acceda a una p\u00e1gina de nuestro sitio web, su navegador cargar\u00e1<br \/>\nlas fuentes\u00a0 web necesarias en la memoria cach\u00e9 del navegador para mostrar correctamente el texto y las fuentes.<br \/>\nPara hacer esto, el navegador que utilice deber\u00e1 establecer una conexi\u00f3n con los servidores de Google. Como resultado,<br \/>\nGoogle se enterar\u00e1 de que su direcci\u00f3n IP fue utilizada para acceder a este sitio web. El uso de las fuentes web de Google es<br \/>\nbasado en el art\u00edculo 6 Art. 1 lit. f RGPD. El operador del sitio web tiene un inter\u00e9s leg\u00edtimo en una<br \/>\npresentaci\u00f3n uniforme de la fuente en el sitio web del operador. Si se ha obtenido una declaraci\u00f3n de consentimiento<br \/>\nrespectiva (por ejemplo, el consentimiento para el archivo de cookies), los datos se procesar\u00e1n exclusivamente sobre la<br \/>\nsobre la base del Art. 6 Art. lit. 1. a RGPD. Cualquiera de eso consentimiento puede ser revocado en cualquier momento.<br \/>\nSi su navegador no es compatible con las fuentes web, se utilizar\u00e1 una fuente est\u00e1ndar instalada en<br \/>\nsu ordenador.<\/p>\n<h4><strong>Archivos de registro del servidor<\/strong><\/h4>\n<p>El proveedor de este sitio web y sus p\u00e1ginas recoge y almacena autom\u00e1ticamente informaci\u00f3n en los llamados archivos<br \/>\nde registro del servidor, que su navegador nos comunica autom\u00e1ticamente.<br \/>\nLa informaci\u00f3n comprende:<\/p>\n<ul>\n<li>El tipo y la versi\u00f3n del navegador utilizado<\/li>\n<li>El sistema operativo utilizado<\/li>\n<li>URL de referencia<\/li>\n<li>El nombre de host del ordenador de acceso<\/li>\n<li>La hora de la consulta del servidor<\/li>\n<li>La direcci\u00f3n IP<\/li>\n<\/ul>\n<p>No se est\u00e1n usando cookies.[\/vc_column_text][\/vc_column][\/vc_row]<\/p>\n","protected":false},"excerpt":{"rendered":"<p>[vc_row][vc_column][vc_column_text]Gracias por su inter\u00e9s en nuestra compa\u00f1\u00eda y en nuestra p\u00e1gina &#8230; <\/p>\n","protected":false},"author":4,"featured_media":0,"parent":0,"menu_order":0,"comment_status":"closed","ping_status":"closed","template":"","meta":[],"_links":{"self":[{"href":"https:\/\/www.gusto-unlimited.com\/es\/wp-json\/wp\/v2\/pages\/1354\/"}],"collection":[{"href":"https:\/\/www.gusto-unlimited.com\/es\/wp-json\/wp\/v2\/pages\/"}],"about":[{"href":"https:\/\/www.gusto-unlimited.com\/es\/wp-json\/wp\/v2\/types\/page\/"}],"author":[{"embeddable":true,"href":"https:\/\/www.gusto-unlimited.com\/es\/wp-json\/wp\/v2\/users\/4\/"}],"replies":[{"embeddable":true,"href":"https:\/\/www.gusto-unlimited.com\/es\/wp-json\/wp\/v2\/comments\/?post=1354"}],"version-history":[{"count":11,"href":"https:\/\/www.gusto-unlimited.com\/es\/wp-json\/wp\/v2\/pages\/1354\/revisions\/"}],"predecessor-version":[{"id":1466,"href":"https:\/\/www.gusto-unlimited.com\/es\/wp-json\/wp\/v2\/pages\/1354\/revisions\/1466\/"}],"wp:attachment":[{"href":"https:\/\/www.gusto-unlimited.com\/es\/wp-json\/wp\/v2\/media\/?parent=1354"}],"curies":[{"name":"wp","href":"https:\/\/api.w.org\/{rel}","templated":true}]}}