{"id":1358,"date":"2021-01-19T13:33:50","date_gmt":"2021-01-19T12:33:50","guid":{"rendered":"https:\/\/www.gusto-unlimited.com\/aviso-legal-2\/"},"modified":"2021-01-20T15:30:40","modified_gmt":"2021-01-20T14:30:40","slug":"aviso-legal-2","status":"publish","type":"page","link":"https:\/\/www.gusto-unlimited.com\/es\/aviso-legal-2\/","title":{"rendered":"Aviso Legal"},"content":{"rendered":"<p>[vc_row][vc_column][vc_column_text]<strong>Editor:<\/strong><br \/>\ngusto products &amp; services S.\u00e0 r.l.<br \/>\n28, Boulevard Joseph II<br \/>\nL-1840 Luxembourg<br \/>\nfon: +352-2638 9701<br \/>\ne- mail: contact@gusto-4u.com<br \/>\nIVA No: LU28626945<\/p>\n<p><strong>Director gerente:<\/strong><br \/>\nAndreas Traut<\/p>\n<p><strong>N\u00famero de registro de la empresa comercial:<\/strong><br \/>\nB206129<\/p>\n<p><strong>Condiciones y acceso de uso:<\/strong><br \/>\nEste sitio est\u00e1 sujeto a la ley de Luxemburgo.<br \/>\ngusto products &amp; services S.\u00e0 r.l. se compromete a cumplir con todas las leyes de Luxemburgo y<br \/>\nreglamentos relativos al funcionamiento de un sitio de Internet.<br \/>\nSe se\u00f1ala que el secreto del correo no est\u00e1 garantizado en Internet,<br \/>\n, y que corresponde a cada usuario de Internet tomar todas las medidas apropiadas, a fin de proteger<br \/>\nsus propios datos y\/o software de la corrupci\u00f3n por cualquier virus que pueda estar circulando<br \/>\nen Internet.<\/p>\n<p><strong>Tribunal competente y ley aplicable:<\/strong><br \/>\nTribunal de jurisdicci\u00f3n: Luxemburgo, Luxemburgo<\/p>\n<p>Toda controversia relativa al uso, la interpretaci\u00f3n o la ejecuci\u00f3n de la informaci\u00f3n<br \/>\ny los datos que aparecen en este sitio se presentar\u00e1n a los tribunales de Luxemburgo.<br \/>\nLa ley aplicable es la ley de Luxemburgo.<\/p>\n<p><strong>Lo siguiente se aplica a todas las especificaciones de las p\u00e1ginas web:<\/strong><br \/>\nExcepto todos los errores y cambios.<\/p>\n<p>Aunque gusto products &amp; services S.\u00e0 r.l. toma todas las medidas necesarias para asegurar que<br \/>\nla informaci\u00f3n y los datos publicados en el sitio son correctos, esto se proporciona a t\u00edtulo informativo<br \/>\nGusto products &amp; services S.\u00e0 r.l. no se hace responsable de la informaci\u00f3n inexacta, incompleta o err\u00f3nea,<br \/>\nni de la informaci\u00f3n falsificada o manipulada.<\/p>\n<p>El sitio de gusto products &amp; services S.\u00e0 r.l. puede tener informaci\u00f3n que se pone a disposici\u00f3n<br \/>\npor terceros o mediante enlaces de hipertexto a otros sitios. La existencia de un enlace de<br \/>\ngusto products &amp; services S.\u00e0 r.l. a otro sitio no constituye una recomendaci\u00f3n<br \/>\no una validaci\u00f3n de este sitio o de su contenido. gusto products &amp; services S.\u00e0 r.l. no se hace<br \/>\nresponsable de las informaciones, opiniones y recomendaciones formuladas por estos terceros.<\/p>\n<p>gusto products &amp; services S.\u00e0 r.l. se reserva el derecho de modificar el contenido del sitio o<br \/>\nhacerlo inaccesible.<\/p>\n<p>Los usuarios aceptan que cualquier uso del sitio se haga bajo su propia responsabilidad. gusto products<br \/>\n&amp; services S.\u00e0 r.l. declina toda responsabilidad por las p\u00e9rdidas directas o indirectas que puedan ser causadas<br \/>\npor el uso del sitio, en particular en relaci\u00f3n con la interrupci\u00f3n o el cese del funcionamiento del sitio,<br \/>\no una disfunci\u00f3n del mismo, que pueda resultar de una parada para el mantenimiento o la actualizaci\u00f3n de los<br \/>\nsistemas inform\u00e1ticos de gusto products &amp; services S.\u00e0 r.l., fallos t\u00e9cnicos o sobrecargas de la red,<br \/>\nfallos en las l\u00edneas telef\u00f3nicas, errores, negligencias o faltas de los proveedores,<br \/>\nde los servicios de Internet o de un tercero, o un virus adquirido a trav\u00e9s de Internet.<\/p>\n<p>Se se\u00f1ala que el secreto del correo no est\u00e1 garantizado en la Internet y que corresponde a cada<br \/>\nusuario de la Internet adoptar todas las medidas adecuadas para proteger sus propios datos o\/y<br \/>\nprogramas inform\u00e1ticos de la corrupci\u00f3n de los virus que puedan estar circulando en la Internet.<\/p>\n<p><strong>Dise\u00f1o e implementaci\u00f3n:<\/strong><br \/>\n<span style=\"font-size: 16px;\">Gary Lajmin www.ljamin.com<\/span><\/p>\n<p><strong>Imagen de origen:<\/strong><br \/>\n<span style=\"font-size: 16px;\">Unsplash<\/span><br \/>\n<span style=\"font-size: 16px;\">Shutterstock<\/span><br \/>\n<span style=\"font-size: 16px;\">Adobe<\/span>[\/vc_column_text][\/vc_column][\/vc_row]<\/p>\n","protected":false},"excerpt":{"rendered":"<p>[vc_row][vc_column][vc_column_text]Editor: gusto products &amp; services S.\u00e0 r.l. 28, Boulevard Joseph II &#8230; <\/p>\n","protected":false},"author":4,"featured_media":0,"parent":0,"menu_order":0,"comment_status":"closed","ping_status":"closed","template":"","meta":[],"_links":{"self":[{"href":"https:\/\/www.gusto-unlimited.com\/es\/wp-json\/wp\/v2\/pages\/1358\/"}],"collection":[{"href":"https:\/\/www.gusto-unlimited.com\/es\/wp-json\/wp\/v2\/pages\/"}],"about":[{"href":"https:\/\/www.gusto-unlimited.com\/es\/wp-json\/wp\/v2\/types\/page\/"}],"author":[{"embeddable":true,"href":"https:\/\/www.gusto-unlimited.com\/es\/wp-json\/wp\/v2\/users\/4\/"}],"replies":[{"embeddable":true,"href":"https:\/\/www.gusto-unlimited.com\/es\/wp-json\/wp\/v2\/comments\/?post=1358"}],"version-history":[{"count":3,"href":"https:\/\/www.gusto-unlimited.com\/es\/wp-json\/wp\/v2\/pages\/1358\/revisions\/"}],"predecessor-version":[{"id":1444,"href":"https:\/\/www.gusto-unlimited.com\/es\/wp-json\/wp\/v2\/pages\/1358\/revisions\/1444\/"}],"wp:attachment":[{"href":"https:\/\/www.gusto-unlimited.com\/es\/wp-json\/wp\/v2\/media\/?parent=1358"}],"curies":[{"name":"wp","href":"https:\/\/api.w.org\/{rel}","templated":true}]}}