{"id":1341,"date":"2021-01-15T18:20:49","date_gmt":"2021-01-15T17:20:49","guid":{"rendered":"https:\/\/www.gusto-unlimited.com\/mentions-lgales\/"},"modified":"2021-01-19T15:16:03","modified_gmt":"2021-01-19T14:16:03","slug":"mentions-lgales","status":"publish","type":"page","link":"https:\/\/www.gusto-unlimited.com\/fr\/mentions-lgales\/","title":{"rendered":"Mentions l\u00e9gales"},"content":{"rendered":"<p>[vc_row][vc_column][vc_column_text]<strong>Mentions l\u00e9gales :<br \/>\n<\/strong><\/p>\n<p><strong>\u00c9diteur :<\/strong><br \/>\ngusto products &amp; services S.\u00e0 r.l.<br \/>\n28, Boulevard Joseph II<br \/>\nL-1840 Luxembourg<br \/>\nfon: +352-2638 9701<br \/>\ne- mail : contact@gusto-4u.com<br \/>\nWeb: www.gusto-4u.com<br \/>\nN\u00b0 de TVA : LU28626945<\/p>\n<p><strong>Directeur g\u00e9n\u00e9ral :<\/strong><br \/>\nAndreas Traut<\/p>\n<p><strong>Num\u00e9ro du registre des soci\u00e9t\u00e9s commerciales :<\/strong><br \/>\nB206129<\/p>\n<p><strong>Conditions et acc\u00e8s d&#8217;utilisation :<\/strong><br \/>\nCe site est soumis au droit luxembourgeois.<br \/>\ngusto products &amp; services S.\u00e0 r.l. s&#8217;engage \u00e0 respecter toutes les lois luxembourgeoises et<br \/>\nla r\u00e9glementation concernant le fonctionnement d&#8217;un site Internet.<br \/>\nIl est rappel\u00e9 que le secret du courrier n&#8217;est pas garanti sur Internet,<br \/>\net qu&#8217;il appartient \u00e0 chaque utilisateur d&#8217;Internet de prendre toutes les mesures appropri\u00e9es, afin de prot\u00e9ger<br \/>\nses propres donn\u00e9es et\/ou logiciels de la corruption par des virus qui pourraient circuler<br \/>\nsur l&#8217;Internet.<\/p>\n<p><strong>Tribunal comp\u00e9tent et droit applicable :<\/strong><br \/>\nCour de justice : Luxembourg, Luxembourg<\/p>\n<p>Tout litige relatif \u00e0 l&#8217;utilisation, l&#8217;interpr\u00e9tation ou l&#8217;ex\u00e9cution de l&#8217;information<br \/>\net les donn\u00e9es figurant sur ce site sont soumises aux tribunaux luxembourgeois.<br \/>\nLe droit applicable est le droit luxembourgeois.<\/p>\n<p><strong>Les dispositions suivantes s&#8217;appliquent \u00e0 toutes les sp\u00e9cifications des pages web :<\/strong><br \/>\nSous r\u00e9serve d&#8217;erreurs et de modifications.<\/p>\n<p><strong>Conception et r\u00e9alisation :<\/strong><br \/>\nGary Lajmin <a href=\"http:\/\/www.ljamin.com\">www.ljamin.com<\/a><\/p>\n<p><strong>Source de l&#8217;image :<\/strong><br \/>\nUnsplash<br \/>\nShutterstock<br \/>\nAdobe<\/p>\n<p>Bien que gusto products &amp; services S.\u00e0 r.l. prenne toutes les mesures n\u00e9cessaires pour garantir que<br \/>\nque les informations et donn\u00e9es publi\u00e9es sur le site sont correctes, elles sont fournies \u00e0 titre indicatif<br \/>\nseulement. Gusto products &amp; services S.\u00e0 r.l. ne peut \u00eatre tenu responsable des informations inexactes, incompl\u00e8tes ou erron\u00e9es, ni des informations falsifi\u00e9es ou manipul\u00e9es.<\/p>\n<p>Le site de gusto products &amp; services S.\u00e0 r.l. peut contenir des informations qui sont mises \u00e0 disposition par des<br \/>\ntiers ou via des liens hypertextes vers d&#8217;autres sites. L&#8217;existence d&#8217;un lien \u00e0 partir du site le transfert du site de<br \/>\ngusto products &amp; services S.\u00e0 r.l. vers un autre site ne constitue pas une recommandation ou une validation de ce site ou de son contenu. Gusto products &amp; services S.\u00e0 r.l. ne peut \u00eatre tenu responsable des informations, opinions et recommandations formul\u00e9es par ces tiers.<\/p>\n<p>Gusto products &amp; services S.\u00e0 r.l. se r\u00e9serve le droit de modifier le contenu du site ou de le rendre inaccessible.<\/p>\n<p>Les utilisateurs acceptent que toute utilisation du site se fasse sous leur propre responsabilit\u00e9. Gusto products &amp; services S.\u00e0 r.l. d\u00e9cline toute responsabilit\u00e9 pour les dommages directs ou indirects qui pourraient \u00eatre caus\u00e9s par l&#8217;utilisation du site, notamment en relation avec une interruption ou un arr\u00eat du fonctionnement du site, ou un dysfonctionnement du site, qui pourrait r\u00e9sulter d&#8217;un arr\u00eat pour maintenance ou mise \u00e0 niveau des syst\u00e8mes informatiques de gusto products &amp; services S.\u00e0 r.l., de d\u00e9faillances techniques ou de surcharges du r\u00e9seau, de d\u00e9faillances des lignes t\u00e9l\u00e9phoniques, d&#8217;erreurs, de n\u00e9gligences ou de d\u00e9lits des fournisseurs, des services Internet ou d&#8217;un tiers, ou d&#8217;un virus acquis via Internet.<\/p>\n<p>Il est rappel\u00e9 que le secret des correspondances n&#8217;est pas garanti sur Internet, et qu&#8217;il appartient \u00e0 chaque utilisateur d&#8217;Internet de prendre toutes les mesures appropri\u00e9es de fa\u00e7on \u00e0 prot\u00e9ger ses propres donn\u00e9es et\/ou logiciels de la corruption par des \u00e9ventuels virus circulant sur Internet.[\/vc_column_text][\/vc_column][\/vc_row]<\/p>\n","protected":false},"excerpt":{"rendered":"<p>[vc_row][vc_column][vc_column_text]Mentions l\u00e9gales : \u00c9diteur : gusto products &amp; services S.\u00e0 r.l. &#8230; <\/p>\n","protected":false},"author":1,"featured_media":0,"parent":0,"menu_order":0,"comment_status":"closed","ping_status":"closed","template":"","meta":[],"_links":{"self":[{"href":"https:\/\/www.gusto-unlimited.com\/fr\/wp-json\/wp\/v2\/pages\/1341\/"}],"collection":[{"href":"https:\/\/www.gusto-unlimited.com\/fr\/wp-json\/wp\/v2\/pages\/"}],"about":[{"href":"https:\/\/www.gusto-unlimited.com\/fr\/wp-json\/wp\/v2\/types\/page\/"}],"author":[{"embeddable":true,"href":"https:\/\/www.gusto-unlimited.com\/fr\/wp-json\/wp\/v2\/users\/1\/"}],"replies":[{"embeddable":true,"href":"https:\/\/www.gusto-unlimited.com\/fr\/wp-json\/wp\/v2\/comments\/?post=1341"}],"version-history":[{"count":4,"href":"https:\/\/www.gusto-unlimited.com\/fr\/wp-json\/wp\/v2\/pages\/1341\/revisions\/"}],"predecessor-version":[{"id":1379,"href":"https:\/\/www.gusto-unlimited.com\/fr\/wp-json\/wp\/v2\/pages\/1341\/revisions\/1379\/"}],"wp:attachment":[{"href":"https:\/\/www.gusto-unlimited.com\/fr\/wp-json\/wp\/v2\/media\/?parent=1341"}],"curies":[{"name":"wp","href":"https:\/\/api.w.org\/{rel}","templated":true}]}}