{"id":1351,"date":"2021-01-15T19:41:59","date_gmt":"2021-01-15T18:41:59","guid":{"rendered":"https:\/\/www.gusto-unlimited.com\/politique-de-confidentialit\/"},"modified":"2021-01-28T17:03:52","modified_gmt":"2021-01-28T16:03:52","slug":"politique-de-confidentialit","status":"publish","type":"page","link":"https:\/\/www.gusto-unlimited.com\/fr\/politique-de-confidentialit\/","title":{"rendered":"Politique de confidentialit\u00e9"},"content":{"rendered":"<p>[vc_row][vc_column][vc_column_text]Nous vous remercions de l&#8217;int\u00e9r\u00eat que vous portez \u00e0 notre entreprise et \u00e0 notre site web.<br \/>\nLa protection des donn\u00e9es est d&#8217;une grande importance pour gusto S.\u00e0 r.l.<\/p>\n<p>Le responsable du traitement des donn\u00e9es sur ce site web est :<\/p>\n<p>gusto products &amp; services S.\u00e0 r.l.<br \/>\nA. Traut<br \/>\n38-40, Boulevard Joseph II<br \/>\nL-1840 Luxembourg<br \/>\nfon: +352-2638 9701<br \/>\nprivacy.policy@gusto-4u.com<\/p>\n<p>Le responsable du traitement est la personne physique ou morale qui, seule ou conjointement avec d&#8217;autres,<br \/>\nprend des d\u00e9cisions quant aux finalit\u00e9s et aux moyens du traitement de donn\u00e9es \u00e0 caract\u00e8re personnel<br \/>\n(par exemple, les noms, les adresses \u00e9lectroniques, etc.)<\/p>\n<p>L&#8217;utilisation des pages Internet est possible sans indication de donn\u00e9es personnelles ; toutefois,<br \/>\nsi une personne concern\u00e9e souhaite utiliser des services d&#8217;entreprise sp\u00e9ciaux via notre site Internet,<br \/>\nle traitement de donn\u00e9es personnelles pourrait s&#8217;av\u00e9rer n\u00e9cessaire.<\/p>\n<p>L&#8217;acc\u00e8s \u00e0 certaines pages du site est subordonn\u00e9 \u00e0 la communication pr\u00e9alable de donn\u00e9es personnelles concernant<br \/>\nles utilisateurs. gusto products &amp; services S.\u00e0 r.l. ne stocke que les donn\u00e9es n\u00e9cessaires dans le cadre de la<br \/>\nfourniture de ses services (notamment pour traiter les demandes des utilisateurs ou am\u00e9liorer la navigation sur le site),<br \/>\nsoit sur des supports \u00e9lectroniques, soit sous toute autre forme.<\/p>\n<h4>Donn\u00e9es \u00e0 caract\u00e8re personnel<\/h4>\n<p>Les donn\u00e9es personnelles que vous divulguez volontairement en tant qu&#8217;utilisateur \u00e0 gusto products &amp; services S.\u00e0 r.l.,<br \/>\npar exemple si vous nous contactez via notre formulaire de contact, par e-mail ou par t\u00e9l\u00e9phone sont trait\u00e9es de mani\u00e8re<br \/>\nconfidentielle, et ne seront en aucun cas transmises \u00e0 des tiers sans votre consentement pr\u00e9alable.<\/p>\n<p>Les informations que vous avez saisies dans le formulaire de contact, que vous nous avez envoy\u00e9es par courrier \u00e9lectronique<br \/>\nou que vous nous avez donn\u00e9es par t\u00e9l\u00e9phone, resteront en notre possession jusqu&#8217;\u00e0 ce que vous nous demandiez d&#8217;effacer les donn\u00e9es,<br \/>\nde r\u00e9voquer votre consentement \u00e0 l&#8217;archivage des donn\u00e9es ou si la finalit\u00e9 pour laquelle les informations sont archiv\u00e9es n&#8217;existe plus<br \/>\n(par exemple apr\u00e8s que nous ayons termin\u00e9 notre r\u00e9ponse \u00e0 votre demande). Ceci est sans pr\u00e9judice de toute<br \/>\ndisposition l\u00e9gale obligatoire &#8211; en particulier les p\u00e9riodes de conservation.<\/p>\n<p>gusto products &amp; services S.\u00e0 r.l. s&#8217;engage \u00e0 faire tout son possible pour que les donn\u00e9es personnelles<br \/>\nfournies par les utilisateurs du site soient transmises par un moyen s\u00e9curis\u00e9, mais rappelle que le secret de<br \/>\nla correspondance n&#8217;est pas garanti sur Internet.<\/p>\n<p>Les utilisateurs acceptent que toute utilisation du site se fasse sous leur propre responsabilit\u00e9.<\/p>\n<p>Conform\u00e9ment \u00e0 la l\u00e9gislation sur la protection des donn\u00e9es personnelles, les utilisateurs ont le droit, entre autres,<br \/>\nd&#8217;acc\u00e9der aux donn\u00e9es les concernant et de les corriger, le droit d&#8217;exiger l&#8217;effacement de leurs donn\u00e9es et<br \/>\nde s&#8217;opposer \u00e0 leur traitement.<\/p>\n<p>Les utilisateurs qui souhaitent exercer l&#8217;un des droits susmentionn\u00e9s peuvent soumettre une demande en envoyant<br \/>\nun courrier \u00e9lectronique ou une lettre \u00e0 l&#8217;adresse suivante :<\/p>\n<p>gusto products &amp; services S.\u00e0 r.l.<br \/>\n38-40, Boulevard Joseph II<br \/>\n1840 Luxembourg<br \/>\nLuxembourg<br \/>\ne-mail: privacy.policy@gusto-4u.com<\/p>\n<p>En divulguant leur(s) num\u00e9ro(s) de t\u00e9l\u00e9phone ou leur adresse \u00e9lectronique sur le site, les utilisateurs acceptent que le<br \/>\ngusto products &amp; services S.\u00e0 r.l.peut leur fournir des informations, soit par t\u00e9l\u00e9phone, soit par<br \/>\ne-mail. Au cas o\u00f9 l&#8217;utilisateur ne souhaite plus recevoir ces informations, il peut choisir de ne pas<br \/>\ngusto products &amp; services S.\u00e0 r.l. les communications et actions commerciales, dans les domaines mentionn\u00e9s<br \/>\nci-dessus.<\/p>\n<h4>Droit de d\u00e9poser une plainte aupr\u00e8s de l&#8217;autorit\u00e9 de surveillance comp\u00e9tente<\/h4>\n<p>En cas de violation du GDPR, les personnes concern\u00e9es ont le droit de d\u00e9poser une plainte aupr\u00e8s d&#8217;une agence de contr\u00f4le,<br \/>\nen particulier dans l&#8217;\u00c9tat membre o\u00f9 elles ont leur domicile, leur lieu de travail ou \u00e0 l&#8217;endroit ou<br \/>\nla violation pr\u00e9sum\u00e9e a eu lieu. Le droit d&#8217;enregistrer une plainte est en vigueur ind\u00e9pendamment de<br \/>\ntoute autre proc\u00e9dure administrative ou judiciaire disponible comme recours l\u00e9gal.<\/p>\n<h4>Cryptage SSL et\/ou TLS<\/h4>\n<p>Pour des raisons de s\u00e9curit\u00e9 et pour prot\u00e9ger la transmission de contenus confidentiels, tels que les bons de commande<br \/>\nou les demandes que vous nous soumettez en tant qu&#8217;op\u00e9rateur du site web, ce site web utilise un programme de cryptage<br \/>\nSSL ou TLS. Vous pouvez reconna\u00eetre une connexion crypt\u00e9e en v\u00e9rifiant si la ligne d&#8217;adresse du navigateur<br \/>\npasse de &#8220;http:\/\/&#8221; \u00e0 &#8220;https:\/\/&#8221; et aussi par l&#8217;apparition de l&#8217;ic\u00f4ne du cadenas dans la<br \/>\nligne du navigateur. Si le cryptage SSL ou TLS est activ\u00e9, les donn\u00e9es que vous nous transmettez ne peuvent pas<br \/>\n\u00eatre lues par des tiers.<\/p>\n<h4>Google Web Fonts<\/h4>\n<p>Afin de garantir l&#8217;uniformit\u00e9 des polices utilis\u00e9es sur ce site web, celui-ci utilise des polices dites &#8220;Web Fonts&#8221; fournies<br \/>\npar Google. Lorsque vous acc\u00e9dez \u00e0 une page de notre site web, votre navigateur charge les polices web requises dans<br \/>\nle cache de votre navigateur pour afficher correctement le texte et les polices.<br \/>\nPour ce faire, le navigateur que vous utilisez devra \u00e9tablir une connexion avec les serveurs de Google. En cons\u00e9quence,<br \/>\nGoogle apprendra que votre adresse IP a \u00e9t\u00e9 utilis\u00e9e pour acc\u00e9der \u00e0 ce site web. L&#8217;utilisation des Google Web Fonts est<br \/>\nbas\u00e9 sur l&#8217;art. 6 Sect. 1 lit. f PIBR. L&#8217;op\u00e9rateur du site web a un int\u00e9r\u00eat l\u00e9gitime \u00e0 ce qu&#8217;une<br \/>\npr\u00e9sentation de la police sur le site web de l&#8217;op\u00e9rateur. Si une d\u00e9claration de consentement correspondante a \u00e9t\u00e9<br \/>\nobtenue (par exemple, consentement \u00e0 l&#8217;archivage des cookies), les donn\u00e9es seront trait\u00e9es exclusivement sur le<br \/>\nsur la base de l&#8217;article. 6 Sect. 1 lit.a PIBR. Ce consentement peut \u00eatre r\u00e9voqu\u00e9 \u00e0 tout moment.<br \/>\nSi votre navigateur ne prend pas en charge les polices Web, une police standard install\u00e9e sur votre ordinateur sera<br \/>\nutilis\u00e9e.<\/p>\n<h4><strong>Fichiers journaux du serveur<\/strong><\/h4>\n<p>Le fournisseur de ce site web et de ses pages recueille et stocke automatiquement des informations dans des<br \/>\nfichiers journaux de serveur, que votre navigateur nous communique automatiquement.<br \/>\nCes informations comprennent :<\/p>\n<ul>\n<li>Le type et la version du navigateur utilis\u00e9<\/li>\n<li>Le syst\u00e8me d&#8217;exploitation utilis\u00e9<\/li>\n<li>URL de r\u00e9f\u00e9rence<\/li>\n<li>Le nom d&#8217;h\u00f4te de l&#8217;ordinateur d&#8217;acc\u00e8s<\/li>\n<li>L&#8217;heure de l&#8217;interrogation du serveur<\/li>\n<li>L&#8217;adresse IP<\/li>\n<\/ul>\n<p>Les cookies ne sont pas utilis\u00e9s.[\/vc_column_text][\/vc_column][\/vc_row]<\/p>\n","protected":false},"excerpt":{"rendered":"<p>[vc_row][vc_column][vc_column_text]Nous vous remercions de l&#8217;int\u00e9r\u00eat que vous portez \u00e0 notre entreprise &#8230; <\/p>\n","protected":false},"author":4,"featured_media":0,"parent":0,"menu_order":0,"comment_status":"closed","ping_status":"closed","template":"","meta":[],"_links":{"self":[{"href":"https:\/\/www.gusto-unlimited.com\/fr\/wp-json\/wp\/v2\/pages\/1351\/"}],"collection":[{"href":"https:\/\/www.gusto-unlimited.com\/fr\/wp-json\/wp\/v2\/pages\/"}],"about":[{"href":"https:\/\/www.gusto-unlimited.com\/fr\/wp-json\/wp\/v2\/types\/page\/"}],"author":[{"embeddable":true,"href":"https:\/\/www.gusto-unlimited.com\/fr\/wp-json\/wp\/v2\/users\/4\/"}],"replies":[{"embeddable":true,"href":"https:\/\/www.gusto-unlimited.com\/fr\/wp-json\/wp\/v2\/comments\/?post=1351"}],"version-history":[{"count":4,"href":"https:\/\/www.gusto-unlimited.com\/fr\/wp-json\/wp\/v2\/pages\/1351\/revisions\/"}],"predecessor-version":[{"id":1464,"href":"https:\/\/www.gusto-unlimited.com\/fr\/wp-json\/wp\/v2\/pages\/1351\/revisions\/1464\/"}],"wp:attachment":[{"href":"https:\/\/www.gusto-unlimited.com\/fr\/wp-json\/wp\/v2\/media\/?parent=1351"}],"curies":[{"name":"wp","href":"https:\/\/api.w.org\/{rel}","templated":true}]}}